{"id":6186,"date":"2024-10-25T13:51:33","date_gmt":"2024-10-25T10:51:33","guid":{"rendered":"https:\/\/www.onvoshop.com.tr\/?page_id=6186"},"modified":"2024-10-25T19:09:22","modified_gmt":"2024-10-25T16:09:22","slug":"kargo-ve-teslimat","status":"publish","type":"page","link":"https:\/\/www.onvoshop.com.tr\/?page_id=6186","title":{"rendered":"Kargo ve Teslimat"},"content":{"rendered":"<p style=\"text-align: justify;\"><strong>Kargo \u00fccreti ne kadar?<\/strong><br \/>\nYurti\u00e7i t\u00fcm kargolarda g\u00f6nderim \u00fccreti al\u0131nmamaktad\u0131r.<\/p>\n<p style=\"text-align: justify;\"><strong>Sipari\u015fim ne zaman ula\u015f\u0131r?<\/strong><br \/>\nHafta i\u00e7i saat 12:00&#8217;ye kadar vermi\u015f oldu\u011funuz t\u00fcm sipari\u015fler 24 saat i\u00e7inde kargoya verilir. Kargo ula\u015f\u0131m s\u00fcresi sizin bulundu\u011funuz yere g\u00f6re de\u011fi\u015fmektedir. Merkez il\u00e7elerde ortalama 3 g\u00fcn i\u00e7erisinde ula\u015fmakta k\u00f6y, kasaba yada belde de bulunuyorsan\u0131z 1 hafta i\u00e7erisinde kargo ile ula\u015fmaktad\u0131r. Tescotech, \u00fcr\u00fcnlerinizi en h\u0131zl\u0131 \u015fekilde kargolamaktadir. T\u00fcrkiye sipari\u015filerinizde kargo teslimatlar\u0131m\u0131z; \u0130stanbul`a 800km mesafedeki il ve il\u00e7e merkezlere 24-48 saat, 800km den daha uzakliklara 48-72 saat icerisinde teslim edilmektedir. K\u00f6y ve mecralara teslimatlar mobile kip ile yapilmaktadir. Bu s\u00fcrelerden daha uzun s\u00fcrebilir. Mucbir sebepler ve haftasonu d\u0131\u015f\u0131nda teslimat uygulamam\u0131z bu \u015fekildedir. Ayr\u0131ca sitemizde sa\u011f \u00fcst k\u00f6\u015fede bulunan Sipari\u015f Takip b\u00f6l\u00fcm\u00fcnden kargo takibi yapabilirsiniz.<\/p>\n<p style=\"text-align: justify;\"><strong>Sipari\u015f takibini nas\u0131l yapar\u0131m?<\/strong><br \/>\nSitemizden vermi\u015f oldu\u011funuz sipari\u015flerinizi hesab\u0131m men\u00fcs\u00fcnden kontrol ve takip edebilirsiniz.<\/p>\n<p style=\"text-align: justify;\"><strong>Sipari\u015fim ben adresimde yokken gelmi\u015f, ne yapmam gerekiyor?<\/strong><br \/>\nKargo firmas\u0131 belirtmi\u015f oldu\u011funuz adrese sipari\u015finizi teslim eder. Adresinizde bulunamaman\u0131z durumunda paketinizi en yak\u0131n \u015fubeden alabilece\u011finizi bildiren bir not b\u0131rak\u0131l\u0131r. 3 g\u00fcn i\u00e7erisinde paketinizi belirtilen \u015fubeden almaman\u0131z durumunda sipari\u015finiz geri d\u00f6ner. Kargonuzu Sipari\u015f takip b\u00f6l\u00fcm\u00fcnden takip edebilirsiniz. Yurt d\u0131\u015f\u0131 teslimatlar\u0131 i\u00e7in, adreste olmaman\u0131z yada adresinizin hatal\u0131\/ eksik oldu\u011fu durumlarda; kargo \u015firketi paketinizi en yak\u0131n \u015fubeden alabilece\u011finizi bildiren notu posta kutunuza b\u0131rak\u0131r ya da kay\u0131tl\u0131 mail adresinize e-mail g\u00f6nderir. Bu bilgiler do\u011frultusunda kargo \u015firketini arayarak paketinizin hangi \u015fubede oldu\u011funu \u00f6\u011frenip, size belirtilen s\u00fcre i\u00e7inde ilgili takip numaralar\u0131 ile paketinizi \u015fubeden teslim alman\u0131z gerekmektedir.<\/p>\n","protected":false},"excerpt":{"rendered":"<p>Kargo \u00fccreti ne kadar? Yurti\u00e7i t\u00fcm kargolarda g\u00f6nderim \u00fccreti al\u0131nmamaktad\u0131r. Sipari\u015fim ne zaman ula\u015f\u0131r? Hafta i\u00e7i saat 12:00&#8217;ye kadar vermi\u015f oldu\u011funuz t\u00fcm sipari\u015fler 24 saat i\u00e7inde kargoya verilir. Kargo ula\u015f\u0131m s\u00fcresi sizin bulundu\u011funuz yere g\u00f6re de\u011fi\u015fmektedir. Merkez il\u00e7elerde ortalama 3 g\u00fcn i\u00e7erisinde ula\u015fmakta k\u00f6y, kasaba yada belde de bulunuyorsan\u0131z 1 hafta i\u00e7erisinde kargo ile ula\u015fmaktad\u0131r. [&hellip;]<\/p>\n","protected":false},"author":1,"featured_media":0,"parent":0,"menu_order":0,"comment_status":"closed","ping_status":"closed","template":"","meta":{"footnotes":""},"class_list":["post-6186","page","type-page","status-publish","hentry"],"_links":{"self":[{"href":"https:\/\/www.onvoshop.com.tr\/index.php?rest_route=\/wp\/v2\/pages\/6186","targetHints":{"allow":["GET"]}}],"collection":[{"href":"https:\/\/www.onvoshop.com.tr\/index.php?rest_route=\/wp\/v2\/pages"}],"about":[{"href":"https:\/\/www.onvoshop.com.tr\/index.php?rest_route=\/wp\/v2\/types\/page"}],"author":[{"embeddable":true,"href":"https:\/\/www.onvoshop.com.tr\/index.php?rest_route=\/wp\/v2\/users\/1"}],"replies":[{"embeddable":true,"href":"https:\/\/www.onvoshop.com.tr\/index.php?rest_route=%2Fwp%2Fv2%2Fcomments&post=6186"}],"version-history":[{"count":5,"href":"https:\/\/www.onvoshop.com.tr\/index.php?rest_route=\/wp\/v2\/pages\/6186\/revisions"}],"predecessor-version":[{"id":6285,"href":"https:\/\/www.onvoshop.com.tr\/index.php?rest_route=\/wp\/v2\/pages\/6186\/revisions\/6285"}],"wp:attachment":[{"href":"https:\/\/www.onvoshop.com.tr\/index.php?rest_route=%2Fwp%2Fv2%2Fmedia&parent=6186"}],"curies":[{"name":"wp","href":"https:\/\/api.w.org\/{rel}","templated":true}]}}