{"id":6054,"date":"2024-10-21T11:26:07","date_gmt":"2024-10-21T08:26:07","guid":{"rendered":"https:\/\/www.onvoshop.com.tr\/?post_type=product&#038;p=6054"},"modified":"2026-01-10T17:51:16","modified_gmt":"2026-01-10T14:51:16","slug":"onvo-ov98500-98-ultra-hd-webos-smart-led-tv","status":"publish","type":"product","link":"https:\/\/www.onvoshop.com.tr\/?product=onvo-ov98500-98-ultra-hd-webos-smart-led-tv","title":{"rendered":"ONVO OV98500 98&#8221; ULTRA HD WEBOS SMART LED TV"},"content":{"rendered":"<p style=\"text-align: justify;\"><strong>98\u2019\u2019 Ultra HD Smart TV: Dev Ekranda S\u00fcr\u00fckleyici G\u00f6r\u00fcnt\u00fc ve Ses<\/strong><\/p>\n<p style=\"text-align: justify;\">98\u2019\u2019 (248 ekran) geni\u015fli\u011finde ve Ultra HD (3840 x 2160) \u00e7\u00f6z\u00fcn\u00fcrl\u00fc\u011fe sahip bu dev ekran TV, evinizde sinema kalitesinde bir deneyim sunar. Dahili uydu al\u0131c\u0131s\u0131 ve WebOS Smart i\u015fletim sistemi sayesinde ak\u0131ll\u0131 \u00f6zellikleri kolayca kullanabilir, sihirli kumanda ile zahmetsiz kontrol sa\u011flayabilirsiniz. 4 \u00e7ekirdekli i\u015flemcisi, 1000 Hz yenileme h\u0131z\u0131 ve HDR10 teknolojisi ile canl\u0131, ger\u00e7ek\u00e7i g\u00f6r\u00fcnt\u00fcler sunar. Dahili WiFi\/Bluetooth ba\u011flant\u0131lar\u0131, 3x HDMI ve 2x USB (klavye\/mouse\/medya oynat\u0131c\u0131) giri\u015fleri ile geni\u015f ba\u011flant\u0131 se\u00e7eneklerine sahiptir. 2 x 15W ses \u00e7\u0131k\u0131\u015f\u0131 ve optik ses \u00e7\u0131k\u0131\u015flar\u0131 ile etkileyici bir ses deneyimi sunar.<\/p>\n","protected":false},"excerpt":{"rendered":"<p style=\"text-align: justify;\">98\u2019\u2019 (248 ekran) geni\u015fli\u011finde ve Ultra HD (3840 x 2160) \u00e7\u00f6z\u00fcn\u00fcrl\u00fc\u011fe sahip bu dev ekran TV, evinizde sinema kalitesinde bir deneyim sunar. Dahili uydu al\u0131c\u0131s\u0131 ve WebOS Smart i\u015fletim sistemi sayesinde ak\u0131ll\u0131 \u00f6zellikleri kolayca kullanabilir, sihirli kumanda ile zahmetsiz kontrol sa\u011flayabilirsiniz.<\/p>\n","protected":false},"featured_media":6668,"comment_status":"open","ping_status":"closed","template":"","meta":[],"pwb-brand":[171],"product_cat":[91],"product_tag":[],"class_list":{"0":"post-6054","1":"product","2":"type-product","3":"status-publish","4":"has-post-thumbnail","6":"pwb-brand-onvo","7":"product_cat-televizyon","9":"first","10":"outofstock","11":"sale","12":"taxable","13":"shipping-taxable","14":"purchasable","15":"product-type-simple","16":"add-to-wishlist-after_add_to_cart"},"brands":[{"id":171,"name":"Onvo","slug":"onvo"}],"_links":{"self":[{"href":"https:\/\/www.onvoshop.com.tr\/index.php?rest_route=\/wp\/v2\/product\/6054","targetHints":{"allow":["GET"]}}],"collection":[{"href":"https:\/\/www.onvoshop.com.tr\/index.php?rest_route=\/wp\/v2\/product"}],"about":[{"href":"https:\/\/www.onvoshop.com.tr\/index.php?rest_route=\/wp\/v2\/types\/product"}],"replies":[{"embeddable":true,"href":"https:\/\/www.onvoshop.com.tr\/index.php?rest_route=%2Fwp%2Fv2%2Fcomments&post=6054"}],"wp:featuredmedia":[{"embeddable":true,"href":"https:\/\/www.onvoshop.com.tr\/index.php?rest_route=\/wp\/v2\/media\/6668"}],"wp:attachment":[{"href":"https:\/\/www.onvoshop.com.tr\/index.php?rest_route=%2Fwp%2Fv2%2Fmedia&parent=6054"}],"wp:term":[{"taxonomy":"pwb-brand","embeddable":true,"href":"https:\/\/www.onvoshop.com.tr\/index.php?rest_route=%2Fwp%2Fv2%2Fpwb-brand&post=6054"},{"taxonomy":"product_cat","embeddable":true,"href":"https:\/\/www.onvoshop.com.tr\/index.php?rest_route=%2Fwp%2Fv2%2Fproduct_cat&post=6054"},{"taxonomy":"product_tag","embeddable":true,"href":"https:\/\/www.onvoshop.com.tr\/index.php?rest_route=%2Fwp%2Fv2%2Fproduct_tag&post=6054"}],"curies":[{"name":"wp","href":"https:\/\/api.w.org\/{rel}","templated":true}]}}