{"id":6058,"date":"2024-10-21T12:12:56","date_gmt":"2024-10-21T09:12:56","guid":{"rendered":"https:\/\/www.onvoshop.com.tr\/?post_type=product&#038;p=6058"},"modified":"2026-02-10T15:02:29","modified_gmt":"2026-02-10T12:02:29","slug":"onvo-ovdss01-dikey-sarjli-supurge","status":"publish","type":"product","link":"https:\/\/www.onvoshop.com.tr\/?product=onvo-ovdss01-dikey-sarjli-supurge","title":{"rendered":"ONVO OVDSS01X PLUS D\u0130KEY \u015eARJLI S\u00dcP\u00dcRGE"},"content":{"rendered":"<p style=\"text-align: justify\"><strong>G\u00fc\u00e7l\u00fc ve Pratik Dik Elektrikli S\u00fcp\u00fcrge: Temizli\u011fin Yeni Y\u00fcz\u00fc<\/strong><\/p>\n<p style=\"text-align: justify\">Bu dik elektrikli s\u00fcp\u00fcrge, 3 kademeli dijital h\u0131z g\u00f6stergesi ile \u00f6zelle\u015ftirilmi\u015f temizlik deneyimi sunar. LED ayd\u0131nlatmal\u0131 motorlu f\u0131r\u00e7as\u0131, karanl\u0131k k\u00f6\u015felerde ve dar alanlarda bile etkin temizlik yapman\u0131za yard\u0131mc\u0131 olur. Dijital \u015farj seviyesi g\u00f6stergesi, bataryan\u0131z\u0131n ne zaman \u015farj edilmesi gerekti\u011fini kolayca takip etmenizi sa\u011flar. 0,8 litre b\u00fcy\u00fck toz haznesi, uzun s\u00fcreli temizlik i\u00e7in s\u0131k s\u0131k bo\u015faltma gereksinimini azalt\u0131r. 2200 mAh g\u00fc\u00e7l\u00fc lityum bataryas\u0131 ile y\u00fcksek performans sunarken, BLDC uzun \u00f6m\u00fcrl\u00fc sessiz y\u00fcksek teknoloji motoru, \u00e7al\u0131\u015fma s\u0131ras\u0131nda minimum g\u00fcr\u00fclt\u00fc sa\u011flar. Dar alan temizleme ba\u015fl\u0131\u011f\u0131 ve koltuk perde temizleme ba\u015fl\u0131\u011f\u0131 ile her t\u00fcrl\u00fc y\u00fczeyi etkin bir \u015fekilde temizleyebilirsiniz. Turbo s\u00fcp\u00fcr\u00fcc\u00fc \u00f6zelli\u011fi, en zorlu kirleri bile zahmetsizce \u00e7\u0131karman\u0131z\u0131 sa\u011flar. Bu s\u00fcp\u00fcrge ile temizlik art\u0131k daha kolay ve etkili!<\/p>\n","protected":false},"excerpt":{"rendered":"<p style=\"text-align: justify\">Bu dik elektrikli s\u00fcp\u00fcrge, 3 kademeli dijital h\u0131z g\u00f6stergesi ile \u00f6zelle\u015ftirilmi\u015f temizlik deneyimi sunar. LED ayd\u0131nlatmal\u0131 motorlu f\u0131r\u00e7as\u0131, karanl\u0131k k\u00f6\u015felerde ve dar alanlarda bile etkin temizlik yapman\u0131za yard\u0131mc\u0131 olur. Dijital \u015farj seviyesi g\u00f6stergesi, bataryan\u0131z\u0131n ne zaman \u015farj edilmesi gerekti\u011fini kolayca takip etmenizi sa\u011flar. 0,8 litre b\u00fcy\u00fck toz haznesi, uzun s\u00fcreli temizlik i\u00e7in s\u0131k s\u0131k bo\u015faltma gereksinimini azalt\u0131r.<\/p>\n","protected":false},"featured_media":6647,"comment_status":"open","ping_status":"closed","template":"","meta":[],"pwb-brand":[171],"product_cat":[177,94],"product_tag":[],"class_list":{"0":"post-6058","1":"product","2":"type-product","3":"status-publish","4":"has-post-thumbnail","6":"pwb-brand-onvo","7":"product_cat-elektrikli-supurge","8":"product_cat-kucuk-ev-aletleri","10":"first","11":"outofstock","12":"sale","13":"featured","14":"taxable","15":"shipping-taxable","16":"purchasable","17":"product-type-simple","18":"add-to-wishlist-after_add_to_cart"},"brands":[{"id":171,"name":"Onvo","slug":"onvo"}],"_links":{"self":[{"href":"https:\/\/www.onvoshop.com.tr\/index.php?rest_route=\/wp\/v2\/product\/6058","targetHints":{"allow":["GET"]}}],"collection":[{"href":"https:\/\/www.onvoshop.com.tr\/index.php?rest_route=\/wp\/v2\/product"}],"about":[{"href":"https:\/\/www.onvoshop.com.tr\/index.php?rest_route=\/wp\/v2\/types\/product"}],"replies":[{"embeddable":true,"href":"https:\/\/www.onvoshop.com.tr\/index.php?rest_route=%2Fwp%2Fv2%2Fcomments&post=6058"}],"wp:featuredmedia":[{"embeddable":true,"href":"https:\/\/www.onvoshop.com.tr\/index.php?rest_route=\/wp\/v2\/media\/6647"}],"wp:attachment":[{"href":"https:\/\/www.onvoshop.com.tr\/index.php?rest_route=%2Fwp%2Fv2%2Fmedia&parent=6058"}],"wp:term":[{"taxonomy":"pwb-brand","embeddable":true,"href":"https:\/\/www.onvoshop.com.tr\/index.php?rest_route=%2Fwp%2Fv2%2Fpwb-brand&post=6058"},{"taxonomy":"product_cat","embeddable":true,"href":"https:\/\/www.onvoshop.com.tr\/index.php?rest_route=%2Fwp%2Fv2%2Fproduct_cat&post=6058"},{"taxonomy":"product_tag","embeddable":true,"href":"https:\/\/www.onvoshop.com.tr\/index.php?rest_route=%2Fwp%2Fv2%2Fproduct_tag&post=6058"}],"curies":[{"name":"wp","href":"https:\/\/api.w.org\/{rel}","templated":true}]}}