{"id":6071,"date":"2024-10-21T16:21:42","date_gmt":"2024-10-21T13:21:42","guid":{"rendered":"https:\/\/www.onvoshop.com.tr\/?post_type=product&#038;p=6071"},"modified":"2025-11-11T19:57:22","modified_gmt":"2025-11-11T16:57:22","slug":"onvo-ovmdf02-mikrodalga-firin","status":"publish","type":"product","link":"https:\/\/www.onvoshop.com.tr\/?product=onvo-ovmdf02-mikrodalga-firin","title":{"rendered":"ONVO OVMDF02 M\u0130KRODALGA FIRIN"},"content":{"rendered":"<p><img decoding=\"async\" class=\"alignnone size-full wp-image-6566\" src=\"https:\/\/www.onvoshop.com.tr\/wp-content\/uploads\/2024\/10\/OVMDF02-IMAJ.png\" alt=\"\" width=\"100%\" srcset=\"https:\/\/www.onvoshop.com.tr\/wp-content\/uploads\/2024\/10\/OVMDF02-IMAJ.png 2000w, https:\/\/www.onvoshop.com.tr\/wp-content\/uploads\/2024\/10\/OVMDF02-IMAJ-1024x576.png 1024w, https:\/\/www.onvoshop.com.tr\/wp-content\/uploads\/2024\/10\/OVMDF02-IMAJ-768x432.png 768w, https:\/\/www.onvoshop.com.tr\/wp-content\/uploads\/2024\/10\/OVMDF02-IMAJ-1536x864.png 1536w, https:\/\/www.onvoshop.com.tr\/wp-content\/uploads\/2024\/10\/OVMDF02-IMAJ-640x360.png 640w, https:\/\/www.onvoshop.com.tr\/wp-content\/uploads\/2024\/10\/OVMDF02-IMAJ-400x225.png 400w, https:\/\/www.onvoshop.com.tr\/wp-content\/uploads\/2024\/10\/OVMDF02-IMAJ-600x338.png 600w\" sizes=\"(max-width: 2000px) 100vw, 2000px\" \/><\/p>\n","protected":false},"excerpt":{"rendered":"<p style=\"text-align: justify\">20 litre hacme sahip bu mikrodalga f\u0131r\u0131n, 700W g\u00fc\u00e7 \u00e7\u0131k\u0131\u015f\u0131 ile h\u0131zl\u0131 ve etkili pi\u015firme sa\u011flar. 1100W g\u00fc\u00e7 giri\u015fi, enerji verimlili\u011fi ile performans\u0131 art\u0131rarak, her t\u00fcrl\u00fc yiyece\u011fi zahmetsizce haz\u0131rlaman\u0131za yard\u0131mc\u0131 olur. Buz \u00e7\u00f6zme \u00f6zelli\u011fi, dondurulmu\u015f g\u0131dalar\u0131n\u0131z\u0131 g\u00fcvenle h\u0131zl\u0131 bir \u015fekilde \u00e7\u00f6zerken, dokunmatik dijital ekran sayesinde kullan\u0131m kolayl\u0131\u011f\u0131 sa\u011flar. Otomatik pi\u015firme programlar\u0131, farkl\u0131 yiyecek t\u00fcrleri i\u00e7in ideal pi\u015firme s\u00fcrelerini ve g\u00fc\u00e7 ayarlar\u0131n\u0131 otomatik olarak belirler. \u00c7ocuk kilidi, g\u00fcvenli kullan\u0131m sunarak ailelerin i\u00e7ini rahatlat\u0131r. Paslanmaz \u00e7elik d\u0131\u015f y\u00fczeyi, hem \u015f\u0131k bir g\u00f6r\u00fcn\u00fcm hem de dayan\u0131kl\u0131l\u0131k sa\u011flar. Bu mikrodalga f\u0131r\u0131n, mutfaklar\u0131n\u0131zda hem pratiklik hem de \u015f\u0131kl\u0131k arayanlar i\u00e7in ideal bir se\u00e7imdir!<\/p>\n<p style=\"text-align: justify\">\n","protected":false},"featured_media":6567,"comment_status":"open","ping_status":"closed","template":"","meta":[],"pwb-brand":[171],"product_cat":[94,173],"product_tag":[137],"class_list":{"0":"post-6071","1":"product","2":"type-product","3":"status-publish","4":"has-post-thumbnail","6":"pwb-brand-onvo","7":"product_cat-kucuk-ev-aletleri","8":"product_cat-mikrodalga-firin","9":"product_tag-kampanya","11":"first","12":"outofstock","13":"sale","14":"taxable","15":"shipping-taxable","16":"purchasable","17":"product-type-simple","18":"add-to-wishlist-after_add_to_cart"},"brands":[{"id":171,"name":"Onvo","slug":"onvo"}],"_links":{"self":[{"href":"https:\/\/www.onvoshop.com.tr\/index.php?rest_route=\/wp\/v2\/product\/6071","targetHints":{"allow":["GET"]}}],"collection":[{"href":"https:\/\/www.onvoshop.com.tr\/index.php?rest_route=\/wp\/v2\/product"}],"about":[{"href":"https:\/\/www.onvoshop.com.tr\/index.php?rest_route=\/wp\/v2\/types\/product"}],"replies":[{"embeddable":true,"href":"https:\/\/www.onvoshop.com.tr\/index.php?rest_route=%2Fwp%2Fv2%2Fcomments&post=6071"}],"wp:featuredmedia":[{"embeddable":true,"href":"https:\/\/www.onvoshop.com.tr\/index.php?rest_route=\/wp\/v2\/media\/6567"}],"wp:attachment":[{"href":"https:\/\/www.onvoshop.com.tr\/index.php?rest_route=%2Fwp%2Fv2%2Fmedia&parent=6071"}],"wp:term":[{"taxonomy":"pwb-brand","embeddable":true,"href":"https:\/\/www.onvoshop.com.tr\/index.php?rest_route=%2Fwp%2Fv2%2Fpwb-brand&post=6071"},{"taxonomy":"product_cat","embeddable":true,"href":"https:\/\/www.onvoshop.com.tr\/index.php?rest_route=%2Fwp%2Fv2%2Fproduct_cat&post=6071"},{"taxonomy":"product_tag","embeddable":true,"href":"https:\/\/www.onvoshop.com.tr\/index.php?rest_route=%2Fwp%2Fv2%2Fproduct_tag&post=6071"}],"curies":[{"name":"wp","href":"https:\/\/api.w.org\/{rel}","templated":true}]}}