{"id":6128,"date":"2024-10-22T13:35:25","date_gmt":"2024-10-22T10:35:25","guid":{"rendered":"https:\/\/www.onvoshop.com.tr\/?post_type=product&#038;p=6128"},"modified":"2026-04-16T18:34:40","modified_gmt":"2026-04-16T15:34:40","slug":"onvo-rx-06-plus-elektrikli-scooter-2400w","status":"publish","type":"product","link":"https:\/\/www.onvoshop.com.tr\/?product=onvo-rx-06-plus-elektrikli-scooter-2400w","title":{"rendered":"ONVO RX-06 PLUS ELEKTR\u0130KL\u0130 SCOOTER 2400W"},"content":{"rendered":"<p style=\"text-align: justify\">2400W \u00e7ift motor g\u00fcc\u00fc ile donat\u0131lan bu scooter, %30 yoku\u015f t\u0131rmanma kabiliyeti ile en zorlu arazilerde bile y\u00fcksek performans sunar. 25 km maksimum h\u0131z ve 55-60 km menzili sayesinde uzun yolculuklara uygun olan bu model, 60V 20A bataryas\u0131 ile uzun s\u00fcreli kullan\u0131m sa\u011flar. 11\u201d off-road lastikleri her t\u00fcrl\u00fc zeminde g\u00fc\u00e7l\u00fc yol tutu\u015fu sa\u011flarken katlanabilir yap\u0131s\u0131 ta\u015f\u0131ma kolayl\u0131\u011f\u0131 sunar. Hidrolik fren sistemi sayesinde g\u00fcvenli\u011finizi en \u00fcst d\u00fczeye ta\u015f\u0131r; her s\u00fcr\u00fc\u015fte konfor, g\u00fcvenlik ve performans\u0131 bir arada ya\u015fay\u0131n.<\/p>\n","protected":false},"excerpt":{"rendered":"<p style=\"text-align: justify\">2400W \u00e7ift motor g\u00fcc\u00fc ile donat\u0131lan bu scooter, %30 yoku\u015f t\u0131rmanma kabiliyeti ile en zorlu arazilerde bile y\u00fcksek performans sunar. 25 km maksimum h\u0131z ve 55-60 km menzili sayesinde uzun yolculuklara uygun olan bu model, 60V 20A bataryas\u0131 ile uzun s\u00fcreli kullan\u0131m sa\u011flar.<\/p>\n","protected":false},"featured_media":6614,"comment_status":"open","ping_status":"closed","template":"","meta":[],"pwb-brand":[171],"product_cat":[223],"product_tag":[],"class_list":{"0":"post-6128","1":"product","2":"type-product","3":"status-publish","4":"has-post-thumbnail","6":"pwb-brand-onvo","7":"product_cat-genel","9":"first","10":"outofstock","11":"sale","12":"taxable","13":"shipping-taxable","14":"purchasable","15":"product-type-simple","16":"add-to-wishlist-after_add_to_cart"},"brands":[{"id":171,"name":"Onvo","slug":"onvo"}],"_links":{"self":[{"href":"https:\/\/www.onvoshop.com.tr\/index.php?rest_route=\/wp\/v2\/product\/6128","targetHints":{"allow":["GET"]}}],"collection":[{"href":"https:\/\/www.onvoshop.com.tr\/index.php?rest_route=\/wp\/v2\/product"}],"about":[{"href":"https:\/\/www.onvoshop.com.tr\/index.php?rest_route=\/wp\/v2\/types\/product"}],"replies":[{"embeddable":true,"href":"https:\/\/www.onvoshop.com.tr\/index.php?rest_route=%2Fwp%2Fv2%2Fcomments&post=6128"}],"wp:featuredmedia":[{"embeddable":true,"href":"https:\/\/www.onvoshop.com.tr\/index.php?rest_route=\/wp\/v2\/media\/6614"}],"wp:attachment":[{"href":"https:\/\/www.onvoshop.com.tr\/index.php?rest_route=%2Fwp%2Fv2%2Fmedia&parent=6128"}],"wp:term":[{"taxonomy":"pwb-brand","embeddable":true,"href":"https:\/\/www.onvoshop.com.tr\/index.php?rest_route=%2Fwp%2Fv2%2Fpwb-brand&post=6128"},{"taxonomy":"product_cat","embeddable":true,"href":"https:\/\/www.onvoshop.com.tr\/index.php?rest_route=%2Fwp%2Fv2%2Fproduct_cat&post=6128"},{"taxonomy":"product_tag","embeddable":true,"href":"https:\/\/www.onvoshop.com.tr\/index.php?rest_route=%2Fwp%2Fv2%2Fproduct_tag&post=6128"}],"curies":[{"name":"wp","href":"https:\/\/api.w.org\/{rel}","templated":true}]}}