{"id":6291,"date":"2024-10-25T19:29:12","date_gmt":"2024-10-25T16:29:12","guid":{"rendered":"https:\/\/www.onvoshop.com.tr\/?post_type=product&#038;p=6291"},"modified":"2026-04-16T18:34:31","modified_gmt":"2026-04-16T15:34:31","slug":"onvo-rx-01-elektrikli-scooter-1000w","status":"publish","type":"product","link":"https:\/\/www.onvoshop.com.tr\/?product=onvo-rx-01-elektrikli-scooter-1000w","title":{"rendered":"ONVO RX-01 ELEKTR\u0130KL\u0130 SCOOTER 1000W"},"content":{"rendered":"<p style=\"text-align: justify\">1000W \u00e7ift motor g\u00fcc\u00fcyle tasarlanm\u0131\u015f bu scooter, %20 yoku\u015f t\u0131rmanma kabiliyetiyle zorlu arazilerde bile g\u00fc\u00e7l\u00fc bir performans sunar. 50 km maksimum h\u0131za ula\u015f\u0131rken, 55-60 km geni\u015f menzili sayesinde uzun yolculuklar i\u00e7in idealdir. 54V 13A bataryas\u0131 ve 10.5\u201d off-road lastikleriyle her t\u00fcrl\u00fc zemin ko\u015fulunda sa\u011flam bir yol tutu\u015fu sa\u011flar. Katlanabilir yap\u0131s\u0131 kolay ta\u015f\u0131nabilirlik sunarken, \u015fifreli giri\u015f sistemi ile g\u00fcvenli\u011finizi en \u00fcst d\u00fczeye ta\u015f\u0131r. Dayan\u0131kl\u0131 ve g\u00fcvenli bir s\u00fcr\u00fc\u015f deneyimi i\u00e7in m\u00fckemmel bir se\u00e7im!<\/p>\n","protected":false},"excerpt":{"rendered":"<p style=\"text-align: justify\">1000W \u00e7ift motor g\u00fcc\u00fcyle tasarlanm\u0131\u015f bu scooter, %20 yoku\u015f t\u0131rmanma kabiliyetiyle zorlu arazilerde bile g\u00fc\u00e7l\u00fc bir performans sunar. 50 km maksimum h\u0131za ula\u015f\u0131rken, 55-60 km geni\u015f menzili sayesinde uzun yolculuklar i\u00e7in idealdir.<\/p>\n","protected":false},"featured_media":6598,"comment_status":"open","ping_status":"closed","template":"","meta":[],"pwb-brand":[171],"product_cat":[223],"product_tag":[137],"class_list":{"0":"post-6291","1":"product","2":"type-product","3":"status-publish","4":"has-post-thumbnail","6":"pwb-brand-onvo","7":"product_cat-genel","8":"product_tag-kampanya","10":"first","11":"outofstock","12":"taxable","13":"shipping-taxable","14":"purchasable","15":"product-type-simple","16":"add-to-wishlist-after_add_to_cart"},"brands":[{"id":171,"name":"Onvo","slug":"onvo"}],"_links":{"self":[{"href":"https:\/\/www.onvoshop.com.tr\/index.php?rest_route=\/wp\/v2\/product\/6291","targetHints":{"allow":["GET"]}}],"collection":[{"href":"https:\/\/www.onvoshop.com.tr\/index.php?rest_route=\/wp\/v2\/product"}],"about":[{"href":"https:\/\/www.onvoshop.com.tr\/index.php?rest_route=\/wp\/v2\/types\/product"}],"replies":[{"embeddable":true,"href":"https:\/\/www.onvoshop.com.tr\/index.php?rest_route=%2Fwp%2Fv2%2Fcomments&post=6291"}],"wp:featuredmedia":[{"embeddable":true,"href":"https:\/\/www.onvoshop.com.tr\/index.php?rest_route=\/wp\/v2\/media\/6598"}],"wp:attachment":[{"href":"https:\/\/www.onvoshop.com.tr\/index.php?rest_route=%2Fwp%2Fv2%2Fmedia&parent=6291"}],"wp:term":[{"taxonomy":"pwb-brand","embeddable":true,"href":"https:\/\/www.onvoshop.com.tr\/index.php?rest_route=%2Fwp%2Fv2%2Fpwb-brand&post=6291"},{"taxonomy":"product_cat","embeddable":true,"href":"https:\/\/www.onvoshop.com.tr\/index.php?rest_route=%2Fwp%2Fv2%2Fproduct_cat&post=6291"},{"taxonomy":"product_tag","embeddable":true,"href":"https:\/\/www.onvoshop.com.tr\/index.php?rest_route=%2Fwp%2Fv2%2Fproduct_tag&post=6291"}],"curies":[{"name":"wp","href":"https:\/\/api.w.org\/{rel}","templated":true}]}}