{"id":6352,"date":"2024-10-27T09:12:33","date_gmt":"2024-10-27T06:12:33","guid":{"rendered":"https:\/\/www.onvoshop.com.tr\/?post_type=product&#038;p=6352"},"modified":"2026-04-16T18:33:03","modified_gmt":"2026-04-16T15:33:03","slug":"onvo-ov-013x-plus-elektrikli-scooter-20000w-2024-uretim","status":"publish","type":"product","link":"https:\/\/www.onvoshop.com.tr\/?product=onvo-ov-013x-plus-elektrikli-scooter-20000w-2024-uretim","title":{"rendered":"ONVO OV-013X PLUS ELEKTR\u0130KL\u0130 SCOOTER 20000W 2026 YEN\u0130 D\u0130SPLAY"},"content":{"rendered":"<p style=\"text-align: justify;\">2000W \u00e7ift motor g\u00fcc\u00fc ve %30 yoku\u015f t\u0131rmanma kabiliyeti ile t\u00fcm yol ko\u015fullar\u0131nda \u00fcst\u00fcn performans sa\u011flayan bu scooter, 50 km maksimum h\u0131z\u0131 ve 40-45 km menzili ile uzun s\u00fcr\u00fc\u015flere uygun. 48V 18A bataryas\u0131 ve 11\u201d patlamaz off-road lastikleri sayesinde hem g\u00fcvenli hem de konforlu bir yolculuk sunar. Katlanabilir yap\u0131s\u0131 ta\u015f\u0131ma kolayl\u0131\u011f\u0131 sa\u011flarken kontak anahtar\u0131 ekstra g\u00fcvenlik sa\u011flar. Yolda g\u00fc\u00e7l\u00fc, her an g\u00fcvenli bir s\u00fcr\u00fc\u015f deneyimi i\u00e7in ideal bir se\u00e7im!<\/p>\n","protected":false},"excerpt":{"rendered":"<p style=\"text-align: justify;\">2000W \u00e7ift motor g\u00fcc\u00fc ve %30 yoku\u015f t\u0131rmanma kabiliyeti ile t\u00fcm yol ko\u015fullar\u0131nda \u00fcst\u00fcn performans sa\u011flayan bu scooter, 50 km maksimum h\u0131z\u0131 ve 40-45 km menzili ile uzun s\u00fcr\u00fc\u015flere uygun.<\/p>\n<p style=\"text-align: justify;\">\n","protected":false},"featured_media":6632,"comment_status":"open","ping_status":"closed","template":"","meta":[],"pwb-brand":[171],"product_cat":[90],"product_tag":[126,127],"class_list":{"0":"post-6352","1":"product","2":"type-product","3":"status-publish","4":"has-post-thumbnail","6":"pwb-brand-onvo","7":"product_cat-scooter","8":"product_tag-onvo-scooter","9":"product_tag-scooter","11":"first","12":"instock","13":"sale","14":"taxable","15":"shipping-taxable","16":"purchasable","17":"product-type-simple","18":"add-to-wishlist-after_add_to_cart"},"brands":[{"id":171,"name":"Onvo","slug":"onvo"}],"_links":{"self":[{"href":"https:\/\/www.onvoshop.com.tr\/index.php?rest_route=\/wp\/v2\/product\/6352","targetHints":{"allow":["GET"]}}],"collection":[{"href":"https:\/\/www.onvoshop.com.tr\/index.php?rest_route=\/wp\/v2\/product"}],"about":[{"href":"https:\/\/www.onvoshop.com.tr\/index.php?rest_route=\/wp\/v2\/types\/product"}],"replies":[{"embeddable":true,"href":"https:\/\/www.onvoshop.com.tr\/index.php?rest_route=%2Fwp%2Fv2%2Fcomments&post=6352"}],"wp:featuredmedia":[{"embeddable":true,"href":"https:\/\/www.onvoshop.com.tr\/index.php?rest_route=\/wp\/v2\/media\/6632"}],"wp:attachment":[{"href":"https:\/\/www.onvoshop.com.tr\/index.php?rest_route=%2Fwp%2Fv2%2Fmedia&parent=6352"}],"wp:term":[{"taxonomy":"pwb-brand","embeddable":true,"href":"https:\/\/www.onvoshop.com.tr\/index.php?rest_route=%2Fwp%2Fv2%2Fpwb-brand&post=6352"},{"taxonomy":"product_cat","embeddable":true,"href":"https:\/\/www.onvoshop.com.tr\/index.php?rest_route=%2Fwp%2Fv2%2Fproduct_cat&post=6352"},{"taxonomy":"product_tag","embeddable":true,"href":"https:\/\/www.onvoshop.com.tr\/index.php?rest_route=%2Fwp%2Fv2%2Fproduct_tag&post=6352"}],"curies":[{"name":"wp","href":"https:\/\/api.w.org\/{rel}","templated":true}]}}