{"id":6375,"date":"2024-10-27T09:48:07","date_gmt":"2024-10-27T06:48:07","guid":{"rendered":"https:\/\/www.onvoshop.com.tr\/?post_type=product&#038;p=6375"},"modified":"2025-11-11T19:57:04","modified_gmt":"2025-11-11T16:57:04","slug":"onvo-ovtst03-2000w-tost-makinasi","status":"publish","type":"product","link":"https:\/\/www.onvoshop.com.tr\/?product=onvo-ovtst03-2000w-tost-makinasi","title":{"rendered":"ONVO OVTST03 2000W TOST MAK\u0130NASI"},"content":{"rendered":"<p style=\"text-align: justify\"><strong>\u00c7ok Fonksiyonlu Tost Makinesi: Pratik ve Lezzetli Mutfak Deneyimi<\/strong><\/p>\n<p style=\"text-align: justify\">2000W g\u00fcce sahip bu tost makinesi, h\u0131zl\u0131 ve etkili bir \u015fekilde lezzetli at\u0131\u015ft\u0131rmal\u0131klar haz\u0131rlaman\u0131z\u0131 sa\u011flar. \u00c7\u0131kar\u0131labilir d\u00f6k\u00fcm plaka, temizlikte kolayl\u0131k sa\u011flarken, yemeklerinizi m\u00fckemmel bir \u015fekilde pi\u015firmenize yard\u0131mc\u0131 olur. 120-230 derece s\u0131cakl\u0131k aral\u0131\u011f\u0131, farkl\u0131 yiyecekler i\u00e7in ideal pi\u015firme ko\u015fullar\u0131 sunar. I\u015f\u0131kl\u0131 \u0131s\u0131 uyar\u0131 g\u00f6stergesi, makinenizin haz\u0131r oldu\u011funu kolayca anlaman\u0131z\u0131 sa\u011flar. Zamanlay\u0131c\u0131 \u00f6zelli\u011fi ile pi\u015firme s\u00fcrelerini kontrol alt\u0131na alarak m\u00fckemmel sonu\u00e7lar elde edebilirsiniz. 180 derece a\u00e7\u0131labilen \u0131zgara \u00f6zelli\u011fi, geni\u015f y\u00fczey alan\u0131 ile ayn\u0131 anda daha fazla yiyecek pi\u015firme imkan\u0131 sunar. Bu tost makinesi ile mutfakta pratiklik ve lezzet bir araya geliyor!<\/p>\n","protected":false},"excerpt":{"rendered":"<p style=\"text-align: justify\">2000W g\u00fcce sahip bu tost makinesi, h\u0131zl\u0131 ve etkili bir \u015fekilde lezzetli at\u0131\u015ft\u0131rmal\u0131klar haz\u0131rlaman\u0131z\u0131 sa\u011flar. \u00c7\u0131kar\u0131labilir d\u00f6k\u00fcm plaka, temizlikte kolayl\u0131k sa\u011flarken, yemeklerinizi m\u00fckemmel bir \u015fekilde pi\u015firmenize yard\u0131mc\u0131 olur. 120-230 derece s\u0131cakl\u0131k aral\u0131\u011f\u0131, farkl\u0131 yiyecekler i\u00e7in ideal pi\u015firme ko\u015fullar\u0131 sunar.<\/p>\n","protected":false},"featured_media":6662,"comment_status":"open","ping_status":"closed","template":"","meta":[],"pwb-brand":[171],"product_cat":[94,172],"product_tag":[],"class_list":{"0":"post-6375","1":"product","2":"type-product","3":"status-publish","4":"has-post-thumbnail","6":"pwb-brand-onvo","7":"product_cat-kucuk-ev-aletleri","8":"product_cat-tost-makinesi","10":"first","11":"outofstock","12":"sale","13":"taxable","14":"shipping-taxable","15":"purchasable","16":"product-type-simple","17":"add-to-wishlist-after_add_to_cart"},"brands":[{"id":171,"name":"Onvo","slug":"onvo"}],"_links":{"self":[{"href":"https:\/\/www.onvoshop.com.tr\/index.php?rest_route=\/wp\/v2\/product\/6375","targetHints":{"allow":["GET"]}}],"collection":[{"href":"https:\/\/www.onvoshop.com.tr\/index.php?rest_route=\/wp\/v2\/product"}],"about":[{"href":"https:\/\/www.onvoshop.com.tr\/index.php?rest_route=\/wp\/v2\/types\/product"}],"replies":[{"embeddable":true,"href":"https:\/\/www.onvoshop.com.tr\/index.php?rest_route=%2Fwp%2Fv2%2Fcomments&post=6375"}],"wp:featuredmedia":[{"embeddable":true,"href":"https:\/\/www.onvoshop.com.tr\/index.php?rest_route=\/wp\/v2\/media\/6662"}],"wp:attachment":[{"href":"https:\/\/www.onvoshop.com.tr\/index.php?rest_route=%2Fwp%2Fv2%2Fmedia&parent=6375"}],"wp:term":[{"taxonomy":"pwb-brand","embeddable":true,"href":"https:\/\/www.onvoshop.com.tr\/index.php?rest_route=%2Fwp%2Fv2%2Fpwb-brand&post=6375"},{"taxonomy":"product_cat","embeddable":true,"href":"https:\/\/www.onvoshop.com.tr\/index.php?rest_route=%2Fwp%2Fv2%2Fproduct_cat&post=6375"},{"taxonomy":"product_tag","embeddable":true,"href":"https:\/\/www.onvoshop.com.tr\/index.php?rest_route=%2Fwp%2Fv2%2Fproduct_tag&post=6375"}],"curies":[{"name":"wp","href":"https:\/\/api.w.org\/{rel}","templated":true}]}}