{"id":6380,"date":"2024-10-27T10:12:12","date_gmt":"2024-10-27T07:12:12","guid":{"rendered":"https:\/\/www.onvoshop.com.tr\/?post_type=product&#038;p=6380"},"modified":"2026-01-10T17:50:50","modified_gmt":"2026-01-10T14:50:50","slug":"onvo-43ov6000f-43-full-hd-android-13-smart-led-tv","status":"publish","type":"product","link":"https:\/\/www.onvoshop.com.tr\/?product=onvo-43ov6000f-43-full-hd-android-13-smart-led-tv","title":{"rendered":"ONVO 43OVF9000F 43&#8221; FULL HD GOOGLELED TV"},"content":{"rendered":"<p style=\"text-align: justify\"><strong>43\u2019\u2019 Full HD Android Smart TV: Kompakt, G\u00fc\u00e7l\u00fc ve Ak\u0131ll\u0131<\/strong><\/p>\n<p style=\"text-align: justify\">43\u2019\u2019 (109 ekran) boyutunda ve Full HD (1920 x 1080) \u00e7\u00f6z\u00fcn\u00fcrl\u00fc\u011fe sahip bu televizyon, canl\u0131 ve net g\u00f6r\u00fcnt\u00fcler sunar. Dahili HD uydu al\u0131c\u0131s\u0131 ve Android 13 Smart i\u015fletim sistemi ile ak\u0131ll\u0131 TV deneyiminizi \u00fcst seviyeye ta\u015f\u0131r. 4 \u00e7ekirdekli i\u015flemci ve 400 Hz yenileme h\u0131z\u0131 sayesinde ak\u0131c\u0131 g\u00f6r\u00fcnt\u00fcler elde edilirken, dahili WiFi ve Bluetooth ba\u011flant\u0131lar\u0131yla kablosuz ba\u011flant\u0131 kolayl\u0131\u011f\u0131 sunar. 3x HDMI ve 2x USB (klavye\/mouse\/medya oynat\u0131c\u0131) giri\u015fleri ile geni\u015f ba\u011flant\u0131 se\u00e7eneklerine sahip olan bu model, 2 x 10W ses \u00e7\u0131k\u0131\u015f\u0131, kulakl\u0131k ve optik ses \u00e7\u0131k\u0131\u015flar\u0131 ile g\u00fc\u00e7l\u00fc bir ses deneyimi sa\u011flar.<\/p>\n","protected":false},"excerpt":{"rendered":"<p style=\"text-align: justify\">43\u2019\u2019 (109 ekran) boyutunda ve Full HD (1920 x 1080) \u00e7\u00f6z\u00fcn\u00fcrl\u00fc\u011fe sahip bu televizyon, canl\u0131 ve net g\u00f6r\u00fcnt\u00fcler sunar. Dahili HD uydu al\u0131c\u0131s\u0131 ve Android 13 Smart i\u015fletim sistemi ile ak\u0131ll\u0131 TV deneyiminizi \u00fcst seviyeye ta\u015f\u0131r.<\/p>\n","protected":false},"featured_media":6690,"comment_status":"open","ping_status":"closed","template":"","meta":[],"pwb-brand":[171],"product_cat":[91],"product_tag":[],"class_list":{"0":"post-6380","1":"product","2":"type-product","3":"status-publish","4":"has-post-thumbnail","6":"pwb-brand-onvo","7":"product_cat-televizyon","9":"first","10":"outofstock","11":"sale","12":"taxable","13":"shipping-taxable","14":"purchasable","15":"product-type-simple","16":"add-to-wishlist-after_add_to_cart"},"brands":[{"id":171,"name":"Onvo","slug":"onvo"}],"_links":{"self":[{"href":"https:\/\/www.onvoshop.com.tr\/index.php?rest_route=\/wp\/v2\/product\/6380","targetHints":{"allow":["GET"]}}],"collection":[{"href":"https:\/\/www.onvoshop.com.tr\/index.php?rest_route=\/wp\/v2\/product"}],"about":[{"href":"https:\/\/www.onvoshop.com.tr\/index.php?rest_route=\/wp\/v2\/types\/product"}],"replies":[{"embeddable":true,"href":"https:\/\/www.onvoshop.com.tr\/index.php?rest_route=%2Fwp%2Fv2%2Fcomments&post=6380"}],"wp:featuredmedia":[{"embeddable":true,"href":"https:\/\/www.onvoshop.com.tr\/index.php?rest_route=\/wp\/v2\/media\/6690"}],"wp:attachment":[{"href":"https:\/\/www.onvoshop.com.tr\/index.php?rest_route=%2Fwp%2Fv2%2Fmedia&parent=6380"}],"wp:term":[{"taxonomy":"pwb-brand","embeddable":true,"href":"https:\/\/www.onvoshop.com.tr\/index.php?rest_route=%2Fwp%2Fv2%2Fpwb-brand&post=6380"},{"taxonomy":"product_cat","embeddable":true,"href":"https:\/\/www.onvoshop.com.tr\/index.php?rest_route=%2Fwp%2Fv2%2Fproduct_cat&post=6380"},{"taxonomy":"product_tag","embeddable":true,"href":"https:\/\/www.onvoshop.com.tr\/index.php?rest_route=%2Fwp%2Fv2%2Fproduct_tag&post=6380"}],"curies":[{"name":"wp","href":"https:\/\/api.w.org\/{rel}","templated":true}]}}