{"id":6387,"date":"2024-10-27T11:17:03","date_gmt":"2024-10-27T08:17:03","guid":{"rendered":"https:\/\/www.onvoshop.com.tr\/?post_type=product&#038;p=6387"},"modified":"2026-03-27T19:55:51","modified_gmt":"2026-03-27T16:55:51","slug":"onvo-50ovf9000uq-50-4k-ultra-hd-qled-google-tv","status":"publish","type":"product","link":"https:\/\/www.onvoshop.com.tr\/?product=onvo-50ovf9000uq-50-4k-ultra-hd-qled-google-tv","title":{"rendered":"ONVO 50OVF9250UQ 50&#8221; 4K ULTRA HD QLED GOOGLE TV"},"content":{"rendered":"<p style=\"text-align: justify\"><strong>50\u201d 4K Ultra HD Smart TV ile Sinema Kalitesini Evinize Ta\u015f\u0131y\u0131n!<\/strong><br \/>\nGeni\u015f 126 ekran, 4K Ultra HD \u00e7\u00f6z\u00fcn\u00fcrl\u00fck ve Google i\u015fletim sistemiyle televizyon keyfinizi zirveye ta\u015f\u0131yan bu model, dahili uydu al\u0131c\u0131s\u0131 ve y\u00fcksek h\u0131z sunan 4 \u00e7ekirdekli i\u015flemcisiyle ak\u0131c\u0131 bir izleme deneyimi sunar. Dahili WiFi ve Bluetooth ba\u011flant\u0131s\u0131 sayesinde favori i\u00e7eriklerinize kolayca eri\u015febilir, 1000 Hz yenileme h\u0131z\u0131yla detaylar\u0131 yakalayabilirsiniz. 4x HDMI ve 2x USB giri\u015fiyle \u00e7ok y\u00f6nl\u00fc ba\u011flant\u0131 imk\u00e2n\u0131 sa\u011flar. 2 x 20 W g\u00fc\u00e7l\u00fc ses \u00e7\u0131k\u0131\u015f\u0131 ile sesi hissedin.<\/p>\n","protected":false},"excerpt":{"rendered":"<p style=\"text-align: justify\">Geni\u015f 126 ekran, 4K Ultra HD \u00e7\u00f6z\u00fcn\u00fcrl\u00fck ve Google i\u015fletim sistemiyle televizyon keyfinizi zirveye ta\u015f\u0131yan bu model, dahili uydu al\u0131c\u0131s\u0131 ve y\u00fcksek h\u0131z sunan 4 \u00e7ekirdekli i\u015flemcisiyle ak\u0131c\u0131 bir izleme deneyimi sunar.<\/p>\n","protected":false},"featured_media":6680,"comment_status":"open","ping_status":"closed","template":"","meta":[],"pwb-brand":[171],"product_cat":[91],"product_tag":[],"class_list":{"0":"post-6387","1":"product","2":"type-product","3":"status-publish","4":"has-post-thumbnail","6":"pwb-brand-onvo","7":"product_cat-televizyon","9":"first","10":"outofstock","11":"sale","12":"taxable","13":"shipping-taxable","14":"purchasable","15":"product-type-simple","16":"add-to-wishlist-after_add_to_cart"},"brands":[{"id":171,"name":"Onvo","slug":"onvo"}],"_links":{"self":[{"href":"https:\/\/www.onvoshop.com.tr\/index.php?rest_route=\/wp\/v2\/product\/6387","targetHints":{"allow":["GET"]}}],"collection":[{"href":"https:\/\/www.onvoshop.com.tr\/index.php?rest_route=\/wp\/v2\/product"}],"about":[{"href":"https:\/\/www.onvoshop.com.tr\/index.php?rest_route=\/wp\/v2\/types\/product"}],"replies":[{"embeddable":true,"href":"https:\/\/www.onvoshop.com.tr\/index.php?rest_route=%2Fwp%2Fv2%2Fcomments&post=6387"}],"wp:featuredmedia":[{"embeddable":true,"href":"https:\/\/www.onvoshop.com.tr\/index.php?rest_route=\/wp\/v2\/media\/6680"}],"wp:attachment":[{"href":"https:\/\/www.onvoshop.com.tr\/index.php?rest_route=%2Fwp%2Fv2%2Fmedia&parent=6387"}],"wp:term":[{"taxonomy":"pwb-brand","embeddable":true,"href":"https:\/\/www.onvoshop.com.tr\/index.php?rest_route=%2Fwp%2Fv2%2Fpwb-brand&post=6387"},{"taxonomy":"product_cat","embeddable":true,"href":"https:\/\/www.onvoshop.com.tr\/index.php?rest_route=%2Fwp%2Fv2%2Fproduct_cat&post=6387"},{"taxonomy":"product_tag","embeddable":true,"href":"https:\/\/www.onvoshop.com.tr\/index.php?rest_route=%2Fwp%2Fv2%2Fproduct_tag&post=6387"}],"curies":[{"name":"wp","href":"https:\/\/api.w.org\/{rel}","templated":true}]}}