{"id":6391,"date":"2024-10-27T11:25:11","date_gmt":"2024-10-27T08:25:11","guid":{"rendered":"https:\/\/www.onvoshop.com.tr\/?post_type=product&#038;p=6391"},"modified":"2026-04-30T11:52:17","modified_gmt":"2026-04-30T08:52:17","slug":"onvo-55ovf9000uq-55-4k-ultra-hd-qled-google-tv","status":"publish","type":"product","link":"https:\/\/www.onvoshop.com.tr\/?product=onvo-55ovf9000uq-55-4k-ultra-hd-qled-google-tv","title":{"rendered":"ONVO 55OVF9250UQ 55&#8221; 4K ULTRA HD QLED GOOGLE TV"},"content":{"rendered":"<p style=\"text-align: justify\"><strong>55\u2019\u2019 4K Ultra HD Smart TV: Y\u00fcksek \u00c7\u00f6z\u00fcn\u00fcrl\u00fck ve Konforlu Ba\u011flant\u0131<\/strong><\/p>\n<p style=\"text-align: justify\">55\u2019\u2019 (140 ekran) geni\u015fli\u011finde, 4K Ultra HD (3840 x 2160) \u00e7\u00f6z\u00fcn\u00fcrl\u00fc\u011fe sahip bu televizyon, canl\u0131 ve detayl\u0131 g\u00f6r\u00fcnt\u00fc kalitesi sunar. Dahili HD uydu al\u0131c\u0131s\u0131 ve Google i\u015fletim sistemi sayesinde kolay kullan\u0131m ve internet eri\u015fimi sa\u011flar. 4 \u00e7ekirdekli i\u015flemcisi ve 1000 Hz yenileme h\u0131z\u0131 ile ak\u0131c\u0131 g\u00f6r\u00fcnt\u00fcler sunarken, dahili WiFi ve Bluetooth \u00f6zellikleri cihazlar\u0131n\u0131za rahat\u00e7a ba\u011flanman\u0131za imkan tan\u0131r. 4x HDMI ve 2x USB (klavye\/mouse\/medya oynat\u0131c\u0131) giri\u015fleri ile geni\u015f ba\u011flant\u0131 se\u00e7enekleri sunar. 2 x 20W ses \u00e7\u0131k\u0131\u015f\u0131 ve kulakl\u0131k\/optik ses \u00e7\u0131k\u0131\u015flar\u0131 ile y\u00fcksek kaliteli ses deneyimi ya\u015fat\u0131r.<\/p>\n","protected":false},"excerpt":{"rendered":"<p>55\u2019\u2019 (140 ekran) geni\u015fli\u011finde, 4K Ultra HD (3840 x 2160) \u00e7\u00f6z\u00fcn\u00fcrl\u00fc\u011fe sahip bu televizyon, canl\u0131 ve detayl\u0131 g\u00f6r\u00fcnt\u00fc kalitesi sunar. Dahili HD uydu al\u0131c\u0131s\u0131 ve Google i\u015fletim sistemi sayesinde kolay kullan\u0131m ve internet eri\u015fimi sa\u011flar.<\/p>\n<p>&nbsp;<\/p>\n","protected":false},"featured_media":6683,"comment_status":"open","ping_status":"closed","template":"","meta":[],"pwb-brand":[171],"product_cat":[91],"product_tag":[],"class_list":{"0":"post-6391","1":"product","2":"type-product","3":"status-publish","4":"has-post-thumbnail","6":"pwb-brand-onvo","7":"product_cat-televizyon","9":"first","10":"outofstock","11":"taxable","12":"shipping-taxable","13":"purchasable","14":"product-type-simple","15":"add-to-wishlist-after_add_to_cart"},"brands":[{"id":171,"name":"Onvo","slug":"onvo"}],"_links":{"self":[{"href":"https:\/\/www.onvoshop.com.tr\/index.php?rest_route=\/wp\/v2\/product\/6391","targetHints":{"allow":["GET"]}}],"collection":[{"href":"https:\/\/www.onvoshop.com.tr\/index.php?rest_route=\/wp\/v2\/product"}],"about":[{"href":"https:\/\/www.onvoshop.com.tr\/index.php?rest_route=\/wp\/v2\/types\/product"}],"replies":[{"embeddable":true,"href":"https:\/\/www.onvoshop.com.tr\/index.php?rest_route=%2Fwp%2Fv2%2Fcomments&post=6391"}],"wp:featuredmedia":[{"embeddable":true,"href":"https:\/\/www.onvoshop.com.tr\/index.php?rest_route=\/wp\/v2\/media\/6683"}],"wp:attachment":[{"href":"https:\/\/www.onvoshop.com.tr\/index.php?rest_route=%2Fwp%2Fv2%2Fmedia&parent=6391"}],"wp:term":[{"taxonomy":"pwb-brand","embeddable":true,"href":"https:\/\/www.onvoshop.com.tr\/index.php?rest_route=%2Fwp%2Fv2%2Fpwb-brand&post=6391"},{"taxonomy":"product_cat","embeddable":true,"href":"https:\/\/www.onvoshop.com.tr\/index.php?rest_route=%2Fwp%2Fv2%2Fproduct_cat&post=6391"},{"taxonomy":"product_tag","embeddable":true,"href":"https:\/\/www.onvoshop.com.tr\/index.php?rest_route=%2Fwp%2Fv2%2Fproduct_tag&post=6391"}],"curies":[{"name":"wp","href":"https:\/\/api.w.org\/{rel}","templated":true}]}}