{"id":6395,"date":"2024-10-27T11:30:11","date_gmt":"2024-10-27T08:30:11","guid":{"rendered":"https:\/\/www.onvoshop.com.tr\/?post_type=product&#038;p=6395"},"modified":"2026-04-30T11:52:07","modified_gmt":"2026-04-30T08:52:07","slug":"onvo-85ovf9000u-85-4k-ultra-hd-google-led-tv","status":"publish","type":"product","link":"https:\/\/www.onvoshop.com.tr\/?product=onvo-85ovf9000u-85-4k-ultra-hd-google-led-tv","title":{"rendered":"ONVO 85OVF9001UQ 85&#8221; 4K ULTRA HD GOOGLE QLED TV"},"content":{"rendered":"<p style=\"text-align: justify\"><strong>85\u2019\u2019 4K Ultra HD Smart TV: Sinema Keyfini Evinize Ta\u015f\u0131y\u0131n<\/strong><\/p>\n<p style=\"text-align: justify\">Geni\u015f 85\u2019\u2019 (216 ekran) boyutu ve 4K Ultra HD (3840 x 2160) \u00e7\u00f6z\u00fcn\u00fcrl\u00fc\u011f\u00fc ile nefes kesen g\u00f6r\u00fcnt\u00fc kalitesi sunan bu televizyon, dahili HD uydu al\u0131c\u0131s\u0131 ve Google i\u015fletim sistemi ile eksiksiz bir deneyim sa\u011flar. 4 \u00e7ekirdekli i\u015flemcisi ve 1000 Hz yenileme h\u0131z\u0131 sayesinde ak\u0131c\u0131 g\u00f6r\u00fcnt\u00fcler sunarken, dahili WiFi ve Bluetooth ba\u011flant\u0131lar\u0131 ile internet ve cihazlar\u0131n\u0131zla rahat\u00e7a ileti\u015fim kurar. 4x HDMI ve 2x USB (klavye\/mouse\/medya oynat\u0131c\u0131) ba\u011flant\u0131 se\u00e7enekleriyle geni\u015f bir eri\u015fim sunar. 2 x 24W g\u00fc\u00e7l\u00fc ses \u00e7\u0131k\u0131\u015f\u0131 ve kulakl\u0131k\/optik ses \u00e7\u0131k\u0131\u015flar\u0131 ile etkileyici bir ses deneyimi ya\u015fat\u0131r.<\/p>\n","protected":false},"excerpt":{"rendered":"<p style=\"text-align: justify\">Geni\u015f 85\u2019\u2019 (216 ekran) boyutu ve 4K Ultra HD (3840 x 2160) \u00e7\u00f6z\u00fcn\u00fcrl\u00fc\u011f\u00fc ile nefes kesen g\u00f6r\u00fcnt\u00fc kalitesi sunan bu televizyon, dahili HD uydu al\u0131c\u0131s\u0131 ve Google i\u015fletim sistemi ile eksiksiz bir deneyim sa\u011flar.<\/p>\n","protected":false},"featured_media":6687,"comment_status":"open","ping_status":"closed","template":"","meta":[],"pwb-brand":[171],"product_cat":[91],"product_tag":[],"class_list":{"0":"post-6395","1":"product","2":"type-product","3":"status-publish","4":"has-post-thumbnail","6":"pwb-brand-onvo","7":"product_cat-televizyon","9":"first","10":"outofstock","11":"taxable","12":"shipping-taxable","13":"purchasable","14":"product-type-simple","15":"add-to-wishlist-after_add_to_cart"},"brands":[{"id":171,"name":"Onvo","slug":"onvo"}],"_links":{"self":[{"href":"https:\/\/www.onvoshop.com.tr\/index.php?rest_route=\/wp\/v2\/product\/6395","targetHints":{"allow":["GET"]}}],"collection":[{"href":"https:\/\/www.onvoshop.com.tr\/index.php?rest_route=\/wp\/v2\/product"}],"about":[{"href":"https:\/\/www.onvoshop.com.tr\/index.php?rest_route=\/wp\/v2\/types\/product"}],"replies":[{"embeddable":true,"href":"https:\/\/www.onvoshop.com.tr\/index.php?rest_route=%2Fwp%2Fv2%2Fcomments&post=6395"}],"wp:featuredmedia":[{"embeddable":true,"href":"https:\/\/www.onvoshop.com.tr\/index.php?rest_route=\/wp\/v2\/media\/6687"}],"wp:attachment":[{"href":"https:\/\/www.onvoshop.com.tr\/index.php?rest_route=%2Fwp%2Fv2%2Fmedia&parent=6395"}],"wp:term":[{"taxonomy":"pwb-brand","embeddable":true,"href":"https:\/\/www.onvoshop.com.tr\/index.php?rest_route=%2Fwp%2Fv2%2Fpwb-brand&post=6395"},{"taxonomy":"product_cat","embeddable":true,"href":"https:\/\/www.onvoshop.com.tr\/index.php?rest_route=%2Fwp%2Fv2%2Fproduct_cat&post=6395"},{"taxonomy":"product_tag","embeddable":true,"href":"https:\/\/www.onvoshop.com.tr\/index.php?rest_route=%2Fwp%2Fv2%2Fproduct_tag&post=6395"}],"curies":[{"name":"wp","href":"https:\/\/api.w.org\/{rel}","templated":true}]}}